{"id":7174,"date":"2022-08-08T10:13:58","date_gmt":"2022-08-08T14:13:58","guid":{"rendered":"https:\/\/vivaviajesitalia.com\/site\/?page_id=7174"},"modified":"2025-06-25T17:44:30","modified_gmt":"2025-06-25T15:44:30","slug":"nosotros","status":"publish","type":"page","link":"https:\/\/vivaviajesitalia.com\/site\/nosotros\/","title":{"rendered":"Nosotros"},"content":{"rendered":"<p>[vc_row content_placement=&#8221;middle&#8221; custom_bg_type=&#8221;image&#8221; custom_bg_cover=&#8221;cover&#8221; custom_bg_repeat=&#8221;no-repeat&#8221; custom_bg_position=&#8221;Center center&#8221; lazy=&#8221;1&#8243; nav_skin=&#8221;light&#8221; row_show_on=&#8221;wtbx_hide_tablet_portrait,wtbx_hide_mobile_landscape,wtbx_hide_mobile_portrait&#8221; disable_fixed_height=&#8221;mobile_portrait&#8221; disable_columns_gap=&#8221;mobile_portrait&#8221; consent_include=&#8221;include&#8221; equal_height=&#8221;true&#8221; el_design=&#8221;{&#8220;desktop&#8220;:{&#8220;padding-top&#8220;:&#8220;120&#8220;,&#8220;padding-bottom&#8220;:&#8220;120&#8220;}}&#8221; custom_bg_color=&#8221;{&#8220;solid&#8220;:{&#8220;id&#8220;:&#8220;&#8220;,&#8220;color&#8220;:&#8220;&#8220;}}&#8221; overlay_color=&#8221;{&#8220;dir&#8220;:&#8220;to right&#8220;,&#8220;from&#8220;:{&#8220;id&#8220;:&#8220;custom_color&#8220;,&#8220;color&#8220;:&#8220;rgba(72,71,71,0.34)&#8220;},&#8220;to&#8220;:{&#8220;id&#8220;:&#8220;custom_color&#8220;,&#8220;color&#8220;:&#8220;rgba(63,63,63,0.49)&#8220;}}&#8221; custom_bg_image=&#8221;7180&#8243;][vc_column el_design=&#8221;{&#8220;mobile_landscape&#8220;:{&#8220;padding-bottom&#8220;:&#8220;60&#8220;},&#8220;desktop&#8220;:{&#8220;padding-top&#8220;:&#8220;15&#8220;,&#8220;padding-right&#8220;:&#8220;15&#8220;,&#8220;padding-bottom&#8220;:&#8220;15&#8220;,&#8220;padding-left&#8220;:&#8220;15&#8220;}}&#8221; width=&#8221;1\/2&#8243; css_animation=&#8221;&#8221;][\/vc_column][vc_column el_design=&#8221;{&#8220;desktop&#8220;:{&#8220;padding-top&#8220;:&#8220;15&#8220;,&#8220;padding-right&#8220;:&#8220;15&#8220;,&#8220;padding-bottom&#8220;:&#8220;15&#8220;,&#8220;padding-left&#8220;:&#8220;15&#8220;}}&#8221; width=&#8221;1\/2&#8243; css_animation=&#8221;&#8221; offset=&#8221;vc_col-md-offset-2 vc_col-md-4&#8243;][vc_content_box style=&#8221;style_custom&#8221; shadow=&#8221;big_shadow&#8221; shadow_hover=&#8221;no_shadow&#8221; overflow=&#8221;&#8221; el_design=&#8221;{&#8220;desktop&#8220;:{&#8220;border-top-left-radius&#8220;:9,&#8220;border-top-right-radius&#8220;:9,&#8220;border-bottom-right-radius&#8220;:9,&#8220;border-bottom-left-radius&#8220;:9,&#8220;padding-top&#8220;:&#8220;45&#8220;,&#8220;padding-right&#8220;:&#8220;45&#8220;,&#8220;padding-bottom&#8220;:&#8220;45&#8220;,&#8220;padding-left&#8220;:&#8220;45&#8220;}}&#8221; border_hover=&#8221;default&#8221; equal_height=&#8221;alignment=&#8221; alignment=&#8221;&#8221; vertical_align=&#8221;horizontal_align=&#8221; horizontal_align=&#8221;&#8221; css_animation=&#8221;wtbx-anim-right-to-left-small&#8221; css_animation_easing=&#8221;wtbx_easing-natural&#8221; css_animation_duration=&#8221;wtbx-duration-1000&#8243; css_animation_delay=&#8221;&#8221; bg_color=&#8221;{&#8220;solid&#8220;:{&#8220;id&#8220;:&#8220;custom_color&#8220;,&#8220;color&#8220;:&#8220;rgba(255,255,255,1)&#8220;}}&#8221;][vc_text_element typography=&#8221;{&#8220;variants&#8220;:&#8220;400&#8220;,&#8220;font_size&#8220;:&#8220;18px&#8220;,&#8220;line_height&#8220;:&#8220;1.5em&#8220;}&#8221; disable_margin=&#8221;yes&#8221; css_animation=&#8221;&#8221; color=&#8221;{&#8220;id&#8220;:&#8220;custom_color&#8220;,&#8220;color&#8220;:&#8220;rgba(11,11,11,1)&#8220;}&#8221;]Tenemos a tu disposici\u00f3n el mejor equipo.[\/vc_text_element][vc_empty_space][vc_button_custom title=&#8221;Miguel Guerra&#8221; size=&#8221;5&#8243; display=&#8221;display_block&#8221; css_animation=&#8221;&#8221; icon=&#8221;{&#8220;font&#8220;:&#8220;scape-brands&#8220;,&#8220;icon&#8220;:&#8220;scape-brands-Whatsapp&#8220;}&#8221; border_radius=&#8221;{&#8220;top-left&#8220;:10,&#8220;top-right&#8220;:10,&#8220;bottom-right&#8220;:10,&#8220;bottom-left&#8220;:10,&#8220;property&#8220;:&#8220;border&#8220;,&#8220;suffix&#8220;:&#8220;radius&#8220;}&#8221; link=&#8221;url:https%3A%2F%2Fapi.whatsapp.com%2Fsend%3Fphone%3D393475388400%26text%3DHola%2C%2520estoy%2520interesado%2520en%2520los%2520servicios%2520de%2520Viva%2520Viajes.|target:_blank&#8221;][vc_empty_space height=&#8221;15px&#8221;][\/vc_content_box][\/vc_column][\/vc_row][vc_row nav_skin=&#8221;light&#8221; row_show_on=&#8221;wtbx_hide_on_normal_screen,wtbx_hide_tablet_landscape&#8221; consent_include=&#8221;include&#8221;][vc_column css_animation=&#8221;&#8221;][vc_image_element image=&#8221;7180&#8243; alignment=&#8221;center&#8221; preloader=&#8221;&#8221; css_animation=&#8221;&#8221;][vc_content_box style=&#8221;style_1&#8243; hover_anim=&#8221;hover_disable&#8221; overflow=&#8221;&#8221; equal_height=&#8221;&#8221; alignment=&#8221;&#8221; vertical_align=&#8221;&#8221; horizontal_align=&#8221;&#8221; css_animation=&#8221;&#8221;][vc_text_element typography=&#8221;{&#8220;variants&#8220;:&#8220;400&#8220;,&#8220;font_size&#8220;:&#8220;18px&#8220;,&#8220;line_height&#8220;:&#8220;1.5em&#8220;}&#8221; disable_margin=&#8221;yes&#8221; css_animation=&#8221;&#8221; color=&#8221;{&#8220;id&#8220;:&#8220;custom_color&#8220;,&#8220;color&#8220;:&#8220;rgba(11,11,11,1)&#8220;}&#8221;]Tenemos a tu disposici\u00f3n el mejor equipo.[\/vc_text_element][vc_empty_space][vc_button_custom title=&#8221;Miguel Guerra&#8221; size=&#8221;5&#8243; display=&#8221;display_block&#8221; css_animation=&#8221;&#8221; icon=&#8221;{&#8220;font&#8220;:&#8220;scape-brands&#8220;,&#8220;icon&#8220;:&#8220;scape-brands-Whatsapp&#8220;}&#8221; border_radius=&#8221;{&#8220;top-left&#8220;:10,&#8220;top-right&#8220;:10,&#8220;bottom-right&#8220;:10,&#8220;bottom-left&#8220;:10,&#8220;property&#8220;:&#8220;border&#8220;,&#8220;suffix&#8220;:&#8220;radius&#8220;}&#8221; link=&#8221;url:https%3A%2F%2Fapi.whatsapp.com%2Fsend%3Fphone%3D393475388400%26text%3DHola%2C%2520estoy%2520interesado%2520en%2520los%2520servicios%2520de%2520Viva%2520Viajes.|target:_blank&#8221;][\/vc_content_box][vc_row_inner row_show_on=&#8221;wtbx_hide_tablet_portrait,wtbx_hide_mobile_landscape,wtbx_hide_mobile_portrait&#8221; consent_include=&#8221;include&#8221;][vc_column_inner css_animation=&#8221;&#8221;][vc_empty_space][\/vc_column_inner][\/vc_row_inner][\/vc_column][\/vc_row][vc_row nav_skin=&#8221;light&#8221; consent_include=&#8221;include&#8221;][vc_column width=&#8221;1\/6&#8243; css_animation=&#8221;&#8221;][\/vc_column][vc_column width=&#8221;2\/3&#8243; css_animation=&#8221;&#8221;][vc_text_element css_animation=&#8221;wtbx-anim-left-to-right-small&#8221; css_animation_easing=&#8221;wtbx_easing-natural&#8221; css_animation_duration=&#8221;wtbx-duration-1000&#8243; css_animation_delay=&#8221;&#8221; color=&#8221;{&#8220;id&#8220;:&#8220;custom_color&#8220;,&#8220;color&#8220;:&#8220;rgba(12,12,12,1)&#8220;}&#8221;]<span style=\"font-weight: 400;\">\u00a0Viva Viajes, es una agencia de viajes con mas de 10 a\u00f1os de trayectoria en el mercado y a su vez entre las primeras agencias latinoamericana en el sector italiano, caracterizada por el buen servicio y ofertas de vuelo tur\u00edsticos con tarifas \u00e9tnicas de calidad en destinos nacionales (Europa) e Internacionales (Todo el mundo).<\/span>[\/vc_text_element][vc_empty_space][vc_row_inner consent_include=&#8221;include&#8221;][vc_column_inner el_design=&#8221;{&#8220;desktop&#8220;:{&#8220;padding-top&#8220;:&#8220;15&#8220;,&#8220;padding-right&#8220;:&#8220;15&#8220;,&#8220;padding-bottom&#8220;:&#8220;15&#8220;,&#8220;padding-left&#8220;:&#8220;15&#8220;}}&#8221; width=&#8221;1\/3&#8243; css_animation=&#8221;wtbx-anim-fade-in&#8221; css_animation_easing=&#8221;wtbx_easing-natural&#8221; css_animation_duration=&#8221;wtbx-duration-1000&#8243; css_animation_delay=&#8221;&#8221;][vc_team_member style=&#8221;style_1&#8243; photo=&#8221;8365&#8243; name=&#8221;Miguel Guerra&#8221; position=&#8221;Propietario \ud83c\uddea\ud83c\udde8&#8221; equal_height=&#8221;&#8221; preloader=&#8221;&#8221; css_animation=&#8221;&#8221;][\/vc_team_member][vc_empty_space][vc_team_member style=&#8221;style_1&#8243; photo=&#8221;8377&#8243; name=&#8221;Luis Carlos&#8221; position=&#8221;Operador \ud83c\uddfb\ud83c\uddea&#8221; equal_height=&#8221;&#8221; preloader=&#8221;&#8221; css_animation=&#8221;wtbx-anim-fade-in&#8221; css_animation_easing=&#8221;wtbx_easing-natural&#8221; css_animation_duration=&#8221;wtbx-duration-1000&#8243; css_animation_delay=&#8221;wtbx-delay-300&#8243;]<a href=\"https:\/\/api.whatsapp.com\/send\/?phone=393475388400&amp;text=Hola+me+gustar%C3%ADa+recibir+mas+informaci%C3%B3n+sobre+los+servicios+de+la+agencia&amp;type=phone_number&amp;app_absent=0\" target=\"_blank\" rel=\"noopener\">\ud83d\udc49 Cont\u00e1ctanos \ud83d\udfe2\ud83d\udcf1<\/a>[\/vc_team_member][vc_empty_space][vc_team_member style=&#8221;style_1&#8243; photo=&#8221;8387&#8243; name=&#8221;Maria Jose Reyna&#8221; position=&#8221;Operador \ud83c\uddea\ud83c\udde8&#8221; equal_height=&#8221;&#8221; preloader=&#8221;&#8221; css_animation=&#8221;wtbx-anim-fade-in&#8221; css_animation_easing=&#8221;wtbx_easing-natural&#8221; css_animation_duration=&#8221;wtbx-duration-1000&#8243; css_animation_delay=&#8221;wtbx-delay-300&#8243;][\/vc_team_member][\/vc_column_inner][vc_column_inner el_design=&#8221;{&#8220;desktop&#8220;:{&#8220;padding-top&#8220;:&#8220;15&#8220;,&#8220;padding-right&#8220;:&#8220;15&#8220;,&#8220;padding-bottom&#8220;:&#8220;15&#8220;,&#8220;padding-left&#8220;:&#8220;15&#8220;}}&#8221; width=&#8221;1\/3&#8243; css_animation=&#8221;wtbx-anim-fade-in&#8221; css_animation_easing=&#8221;wtbx_easing-natural&#8221; css_animation_duration=&#8221;wtbx-duration-1000&#8243; css_animation_delay=&#8221;wtbx-delay-100&#8243;][vc_team_member style=&#8221;style_1&#8243; photo=&#8221;8374&#8243; name=&#8221;Carolina Delgado&#8221; position=&#8221;Propietaria \ud83c\uddea\ud83c\udde8&#8221; equal_height=&#8221;&#8221; preloader=&#8221;&#8221; css_animation=&#8221;&#8221;][\/vc_team_member][vc_empty_space][vc_team_member style=&#8221;style_1&#8243; photo=&#8221;8380&#8243; name=&#8221;Josselyn Zambrano&#8221; position=&#8221;Operadora \ud83c\uddea\ud83c\udde8&#8221; equal_height=&#8221;&#8221; preloader=&#8221;&#8221; css_animation=&#8221;wtbx-anim-fade-in&#8221; css_animation_easing=&#8221;wtbx_easing-natural&#8221; css_animation_duration=&#8221;wtbx-duration-1000&#8243; css_animation_delay=&#8221;wtbx-delay-400&#8243;][\/vc_team_member][\/vc_column_inner][vc_column_inner width=&#8221;1\/3&#8243; css_animation=&#8221;&#8221;][vc_team_member style=&#8221;style_1&#8243; photo=&#8221;8376&#8243; name=&#8221;Gerson Yagual&#8221; position=&#8221;Operador \ud83c\uddea\ud83c\udde8&#8221; equal_height=&#8221;&#8221; preloader=&#8221;&#8221; css_animation=&#8221;wtbx-anim-fade-in&#8221; css_animation_easing=&#8221;wtbx_easing-natural&#8221; css_animation_duration=&#8221;wtbx-duration-1000&#8243; css_animation_delay=&#8221;wtbx-delay-200&#8243; el_class=&#8221;div-team&#8221;][\/vc_team_member][vc_empty_space][vc_team_member style=&#8221;style_1&#8243; photo=&#8221;8381&#8243; name=&#8221;Diego Ron&#8221; position=&#8221;Operador \ud83c\uddea\ud83c\udde8&#8221; equal_height=&#8221;&#8221; preloader=&#8221;&#8221; css_animation=&#8221;wtbx-anim-fade-in&#8221; css_animation_easing=&#8221;wtbx_easing-natural&#8221; css_animation_duration=&#8221;wtbx-duration-1000&#8243; css_animation_delay=&#8221;wtbx-delay-400&#8243; el_class=&#8221;div-team&#8221;][\/vc_team_member][\/vc_column_inner][\/vc_row_inner][vc_text_element css_animation=&#8221;wtbx-anim-right-to-left-small&#8221; css_animation_easing=&#8221;wtbx_easing-natural&#8221; css_animation_duration=&#8221;wtbx-duration-1000&#8243; css_animation_delay=&#8221;&#8221; color=&#8221;{&#8220;id&#8220;:&#8220;custom_color&#8220;,&#8220;color&#8220;:&#8220;rgba(12,12,12,1)&#8220;}&#8221;]<span style=\"font-weight: 400;\">Coordinamos todos los servicios de un paquete tur\u00edstico como:<\/span>[\/vc_text_element][vc_list_item css_animation=&#8221;wtbx-anim-top-to-bottom-small&#8221; css_animation_easing=&#8221;wtbx_easing-natural&#8221; css_animation_duration=&#8221;wtbx-duration-1000&#8243; css_animation_delay=&#8221;&#8221; text_color=&#8221;{&#8220;solid&#8220;:{&#8220;id&#8220;:&#8220;custom_color&#8220;,&#8220;color&#8220;:&#8220;rgba(12,12,12,1)&#8220;}}&#8221;]<span style=\"font-weight: 400;\">Tiquetes o billetes a\u00e9reos<\/span>[\/vc_list_item][vc_list_item css_animation=&#8221;wtbx-anim-top-to-bottom-small&#8221; css_animation_easing=&#8221;wtbx_easing-natural&#8221; css_animation_duration=&#8221;wtbx-duration-1000&#8243; css_animation_delay=&#8221;&#8221; text_color=&#8221;{&#8220;solid&#8220;:{&#8220;id&#8220;:&#8220;custom_color&#8220;,&#8220;color&#8220;:&#8220;rgba(12,12,12,1)&#8220;}}&#8221;]<span style=\"font-weight: 400;\">Alojamiento, VILLA PRIVADA, Hoteles, departamentos<\/span>[\/vc_list_item][vc_list_item css_animation=&#8221;wtbx-anim-top-to-bottom-small&#8221; css_animation_easing=&#8221;wtbx_easing-natural&#8221; css_animation_duration=&#8221;wtbx-duration-1000&#8243; css_animation_delay=&#8221;&#8221; text_color=&#8221;{&#8220;solid&#8220;:{&#8220;id&#8220;:&#8220;custom_color&#8220;,&#8220;color&#8220;:&#8220;rgba(12,12,12,1)&#8220;}}&#8221;]<span style=\"font-weight: 400;\">Traslados entre aeropuertos<\/span>[\/vc_list_item][vc_list_item css_animation=&#8221;wtbx-anim-top-to-bottom-small&#8221; css_animation_easing=&#8221;wtbx_easing-natural&#8221; css_animation_duration=&#8221;wtbx-duration-1000&#8243; css_animation_delay=&#8221;&#8221; text_color=&#8221;{&#8220;solid&#8220;:{&#8220;id&#8220;:&#8220;custom_color&#8220;,&#8220;color&#8220;:&#8220;rgba(12,12,12,1)&#8220;}}&#8221;]<span style=\"font-weight: 400;\">Alquiler de autos<\/span>[\/vc_list_item][vc_list_item css_animation=&#8221;wtbx-anim-top-to-bottom-small&#8221; css_animation_easing=&#8221;wtbx_easing-natural&#8221; css_animation_duration=&#8221;wtbx-duration-1000&#8243; css_animation_delay=&#8221;&#8221; text_color=&#8221;{&#8220;solid&#8220;:{&#8220;id&#8220;:&#8220;custom_color&#8220;,&#8220;color&#8220;:&#8220;rgba(12,12,12,1)&#8220;}}&#8221;]<span style=\"font-weight: 400;\">Cruceros<\/span>[\/vc_list_item][vc_list_item css_animation=&#8221;wtbx-anim-top-to-bottom-small&#8221; css_animation_easing=&#8221;wtbx_easing-natural&#8221; css_animation_duration=&#8221;wtbx-duration-1000&#8243; css_animation_delay=&#8221;&#8221; text_color=&#8221;{&#8220;solid&#8220;:{&#8220;id&#8220;:&#8220;custom_color&#8220;,&#8220;color&#8220;:&#8220;rgba(12,12,12,1)&#8220;}}&#8221;]<span style=\"font-weight: 400;\">Tours con gu\u00eda<\/span>[\/vc_list_item][vc_text_element css_animation=&#8221;wtbx-anim-left-to-right-small&#8221; css_animation_easing=&#8221;wtbx_easing-natural&#8221; css_animation_duration=&#8221;wtbx-duration-1000&#8243; css_animation_delay=&#8221;&#8221; color=&#8221;{&#8220;id&#8220;:&#8220;custom_color&#8220;,&#8220;color&#8220;:&#8220;rgba(12,12,12,1)&#8220;}&#8221;]<span style=\"font-weight: 400;\">Somos una agencia que avanza constantemente se pueden contactar con nuestros asesores en l\u00ednea tr\u00e1mite WhatsApp donde podr\u00e1n cotizar sus viajes y nosotros le brindaremos la asesor\u00eda necesaria, tambi\u00e9n contamos con nuestra agencia f\u00edsica en G\u00e9nova en la v\u00eda Carlo Rolando 50-52 donde le atenderemos con todo el gusto posible<\/span>[\/vc_text_element][\/vc_column][vc_column width=&#8221;1\/6&#8243; css_animation=&#8221;&#8221;][\/vc_column][\/vc_row]<\/p>\n","protected":false},"excerpt":{"rendered":"<p>[vc_row content_placement=&#8221;middle&#8221; custom_bg_type=&#8221;image&#8221; custom_bg_cover=&#8221;cover&#8221; custom_bg_repeat=&#8221;no-repeat&#8221; custom_bg_position=&#8221;Center center&#8221; lazy=&#8221;1&#8243; nav_skin=&#8221;light&#8221; row_show_on=&#8221;wtbx_hide_tablet_portrait,wtbx_hide_mobile_landscape,wtbx_hide_mobile_portrait&#8221; disable_fixed_height=&#8221;mobile_portrait&#8221; disable_columns_gap=&#8221;mobile_portrait&#8221; consent_include=&#8221;include&#8221; equal_height=&#8221;true&#8221; el_design=&#8221;{&#8220;desktop&#8220;:{&#8220;padding-top&#8220;:&#8220;120&#8220;,&#8220;padding-bottom&#8220;:&#8220;120&#8220;}}&#8221; custom_bg_color=&#8221;{&#8220;solid&#8220;:{&#8220;id&#8220;:&#8220;&#8220;,&#8220;color&#8220;:&#8220;&#8220;}}&#8221; overlay_color=&#8221;{&#8220;dir&#8220;:&#8220;to right&#8220;,&#8220;from&#8220;:{&#8220;id&#8220;:&#8220;custom_color&#8220;,&#8220;color&#8220;:&#8220;rgba(72,71,71,0.34)&#8220;},&#8220;to&#8220;:{&#8220;id&#8220;:&#8220;custom_color&#8220;,&#8220;color&#8220;:&#8220;rgba(63,63,63,0.49)&#8220;}}&#8221; custom_bg_image=&#8221;7180&#8243;][vc_column el_design=&#8221;{&#8220;mobile_landscape&#8220;:{&#8220;padding-bottom&#8220;:&#8220;60&#8220;},&#8220;desktop&#8220;:{&#8220;padding-top&#8220;:&#8220;15&#8220;,&#8220;padding-right&#8220;:&#8220;15&#8220;,&#8220;padding-bottom&#8220;:&#8220;15&#8220;,&#8220;padding-left&#8220;:&#8220;15&#8220;}}&#8221; width=&#8221;1\/2&#8243; css_animation=&#8221;&#8221;][\/vc_column][vc_column el_design=&#8221;{&#8220;desktop&#8220;:{&#8220;padding-top&#8220;:&#8220;15&#8220;,&#8220;padding-right&#8220;:&#8220;15&#8220;,&#8220;padding-bottom&#8220;:&#8220;15&#8220;,&#8220;padding-left&#8220;:&#8220;15&#8220;}}&#8221; width=&#8221;1\/2&#8243; css_animation=&#8221;&#8221; offset=&#8221;vc_col-md-offset-2 vc_col-md-4&#8243;][vc_content_box style=&#8221;style_custom&#8221; shadow=&#8221;big_shadow&#8221; shadow_hover=&#8221;no_shadow&#8221; overflow=&#8221;&#8221; el_design=&#8221;{&#8220;desktop&#8220;:{&#8220;border-top-left-radius&#8220;:9,&#8220;border-top-right-radius&#8220;:9,&#8220;border-bottom-right-radius&#8220;:9,&#8220;border-bottom-left-radius&#8220;:9,&#8220;padding-top&#8220;:&#8220;45&#8220;,&#8220;padding-right&#8220;:&#8220;45&#8220;,&#8220;padding-bottom&#8220;:&#8220;45&#8220;,&#8220;padding-left&#8220;:&#8220;45&#8220;}}&#8221; border_hover=&#8221;default&#8221; equal_height=&#8221;alignment=&#8221; alignment=&#8221;&#8221; vertical_align=&#8221;horizontal_align=&#8221; horizontal_align=&#8221;&#8221; css_animation=&#8221;wtbx-anim-right-to-left-small&#8221; css_animation_easing=&#8221;wtbx_easing-natural&#8221; css_animation_duration=&#8221;wtbx-duration-1000&#8243; css_animation_delay=&#8221;&#8221; bg_color=&#8221;{&#8220;solid&#8220;:{&#8220;id&#8220;:&#8220;custom_color&#8220;,&#8220;color&#8220;:&#8220;rgba(255,255,255,1)&#8220;}}&#8221;][vc_text_element typography=&#8221;{&#8220;variants&#8220;:&#8220;400&#8220;,&#8220;font_size&#8220;:&#8220;18px&#8220;,&#8220;line_height&#8220;:&#8220;1.5em&#8220;}&#8221; disable_margin=&#8221;yes&#8221; css_animation=&#8221;&#8221; color=&#8221;{&#8220;id&#8220;:&#8220;custom_color&#8220;,&#8220;color&#8220;:&#8220;rgba(11,11,11,1)&#8220;}&#8221;]Tenemos a tu disposici\u00f3n el mejor equipo.[\/vc_text_element][vc_empty_space][vc_button_custom title=&#8221;Miguel Guerra&#8221; size=&#8221;5&#8243; display=&#8221;display_block&#8221; css_animation=&#8221;&#8221; icon=&#8221;{&#8220;font&#8220;:&#8220;scape-brands&#8220;,&#8220;icon&#8220;:&#8220;scape-brands-Whatsapp&#8220;}&#8221; border_radius=&#8221;{&#8220;top-left&#8220;:10,&#8220;top-right&#8220;:10,&#8220;bottom-right&#8220;:10,&#8220;bottom-left&#8220;:10,&#8220;property&#8220;:&#8220;border&#8220;,&#8220;suffix&#8220;:&#8220;radius&#8220;}&#8221; link=&#8221;url:https%3A%2F%2Fapi.whatsapp.com%2Fsend%3Fphone%3D393475388400%26text%3DHola%2C%2520estoy%2520interesado%2520en%2520los%2520servicios%2520de%2520Viva%2520Viajes.|target:_blank&#8221;][vc_empty_space height=&#8221;15px&#8221;][\/vc_content_box][\/vc_column][\/vc_row][vc_row nav_skin=&#8221;light&#8221; row_show_on=&#8221;wtbx_hide_on_normal_screen,wtbx_hide_tablet_landscape&#8221; consent_include=&#8221;include&#8221;][vc_column css_animation=&#8221;&#8221;][vc_image_element image=&#8221;7180&#8243; alignment=&#8221;center&#8221; preloader=&#8221;&#8221; css_animation=&#8221;&#8221;][vc_content_box style=&#8221;style_1&#8243; hover_anim=&#8221;hover_disable&#8221; overflow=&#8221;&#8221; equal_height=&#8221;&#8221; alignment=&#8221;&#8221; vertical_align=&#8221;&#8221; [&hellip;]<\/p>\n","protected":false},"author":1,"featured_media":0,"parent":0,"menu_order":0,"comment_status":"closed","ping_status":"closed","template":"","meta":{"footnotes":""},"class_list":["post-7174","page","type-page","status-publish","hentry"],"_links":{"self":[{"href":"https:\/\/vivaviajesitalia.com\/site\/wp-json\/wp\/v2\/pages\/7174","targetHints":{"allow":["GET"]}}],"collection":[{"href":"https:\/\/vivaviajesitalia.com\/site\/wp-json\/wp\/v2\/pages"}],"about":[{"href":"https:\/\/vivaviajesitalia.com\/site\/wp-json\/wp\/v2\/types\/page"}],"author":[{"embeddable":true,"href":"https:\/\/vivaviajesitalia.com\/site\/wp-json\/wp\/v2\/users\/1"}],"replies":[{"embeddable":true,"href":"https:\/\/vivaviajesitalia.com\/site\/wp-json\/wp\/v2\/comments?post=7174"}],"version-history":[{"count":34,"href":"https:\/\/vivaviajesitalia.com\/site\/wp-json\/wp\/v2\/pages\/7174\/revisions"}],"predecessor-version":[{"id":8395,"href":"https:\/\/vivaviajesitalia.com\/site\/wp-json\/wp\/v2\/pages\/7174\/revisions\/8395"}],"wp:attachment":[{"href":"https:\/\/vivaviajesitalia.com\/site\/wp-json\/wp\/v2\/media?parent=7174"}],"curies":[{"name":"wp","href":"https:\/\/api.w.org\/{rel}","templated":true}]}}